{"id":93,"date":"2024-10-18T10:29:21","date_gmt":"2024-10-18T08:29:21","guid":{"rendered":"https:\/\/2030investirdemain.com\/?page_id=93"},"modified":"2026-02-03T13:58:19","modified_gmt":"2026-02-03T12:58:19","slug":"accueil","status":"publish","type":"page","link":"https:\/\/2030investirdemain.com\/fr\/","title":{"rendered":"Accueil"},"content":{"rendered":"  <div id=\"\" class=\"bloc textImage mb-0  imageGauche position-relative\">\n    <div class=\"container position-relative\">\n      <div class=\"row\">\n                  <div class=\"col-12 order-md-1 col-md-5\">\n          \n          <\/div>\n                <div class=\"col-12 order-md-2 col-md-7\">\n          <h2 class=\"apparition\">\n            Notre Ambition          <\/h2>\n        <\/div>\n        <div class=\"col-12 col-md-5 order-md-3\">\n          <div class=\"cadreImage\">\n            <img decoding=\"async\" src=\"https:\/\/2030investirdemain.com\/wp-content\/uploads\/2024\/11\/2.png\" class=\"w-100 myshadow apparition animDelay250 apparitionFromLeft\" \/>\n                      <\/div>\n        <\/div>\n        <div class=\"col-12 col-md-7 order-md-4 d-flex align-items-center \">\n          <div>\n            <div class=\"apparition mt-4 mt-md-0\">\n              <p>Le <strong>Think Tank \u00ab\u00a02030, Investir Demain\u00a0\u00bb<\/strong> est une <strong>initiative unique de place<\/strong> port\u00e9e par les me\u0301dias ID<strong>, l\u2019Info Durable et L\u2019AGEFI<\/strong>.<\/p>\n<p data-start=\"420\" data-end=\"860\">Son ambition : <strong data-start=\"435\" data-end=\"488\">cr\u00e9er un espace d\u2019\u00e9changes et de r\u00e9flexion in\u00e9dit<\/strong> r\u00e9unissant des professionnels de la finance, des entreprises et des experts de diff\u00e9rents secteurs pour <strong data-start=\"593\" data-end=\"656\">anticiper les grandes transformations de la finance durable<\/strong>. Ensemble, ils font avancer des sujets majeurs, con\u00e7oivent des outils actionnables et nourrissent les investisseurs, d\u00e9cideurs publics et acteurs \u00e9conomiques avec des <strong data-start=\"824\" data-end=\"859\">contenus \u00e0 forte valeur ajout\u00e9e<\/strong>.<\/p>\n<p data-start=\"420\" data-end=\"860\"><!-- wp:paragraph --><\/p>\n<p><strong>Saison 1 : un premier cycle riche et concret<\/strong><\/p>\n<p data-start=\"420\" data-end=\"860\"><!-- \/wp:paragraph --> <!-- wp:paragraph --><\/p>\n<p>Compos\u00e9e de <strong>six groupes de travail<\/strong> autour de th\u00e9matiques cl\u00e9s \u2013 <strong>Biodiversit\u00e9, Climat, Social, R\u00e9glementation, Urbanisation et Relocalisation juste<\/strong> \u2013 la premi\u00e8re saison s\u2019est conclue par un <strong>\u00e9v\u00e9nement de restitution<\/strong> marquant, le <strong>mardi 14 octobre 2025<\/strong>, \u00e0 l\u2019Orangerie d\u2019Auteuil (Paris).<!-- \/wp:paragraph --><\/p>\n<p><!-- wp:paragraph --><\/p>\n<p data-start=\"420\" data-end=\"860\"><!-- wp:paragraph --><\/p>\n            <\/div>\n                      <\/div>\n        <\/div>\n      <\/div>\n    <\/div>\n  <\/div>\n    \n\n\n<p><\/p>\n\n\n\n<p><\/p>\n\n\n  <div id=\"\" class=\"bloc textImage   imageDroite position-relative\">\n    <div class=\"container position-relative\">\n      <div class=\"row\">\n                <div class=\"col-12 order-md-2 \">\n          <h2 class=\"apparition\">\n                      <\/h2>\n        <\/div>\n        <div class=\"col-12 col-md-5 order-md-4\">\n          <div class=\"cadreImage\">\n            <img decoding=\"async\" src=\"https:\/\/2030investirdemain.com\/wp-content\/uploads\/2025\/10\/Agefi_Investir_demain-180-scaled.jpg\" class=\"w-100 myshadow apparition animDelay250 apparitionFromRight\" \/>\n                      <\/div>\n        <\/div>\n        <div class=\"col-12 col-md-7 order-md-3 d-flex align-items-center \">\n          <div>\n            <div class=\"apparition mt-4 mt-md-0\">\n              <div data-olk-copy-source=\"MailCompose\">Durant cet \u00e9v\u00e8nement, les <b>six groupes de travail<\/b>\u00a0ont pr\u00e9sent\u00e9 des livrables concrets, parmi lesquels :<\/div>\n<ul>\n<li>Un <a href=\"https:\/\/2030investirdemain.com\/wp-content\/uploads\/2025\/10\/LIVRE20BLANC20SUR20LA20RELOCALISATION.pdf\" target=\"_blank\" rel=\"noopener\"><b>guide d\u2019engagement actionnarial<\/b><\/a>\u00a0pour la relocalisation juste (avec Sycomore AM) ;<\/li>\n<li>Un <b>cadre d\u2019action partag\u00e9<\/b>\u00a0pour une meilleure gestion des ressources essentielles (avec Ecofi) ;<\/li>\n<li>Le lancement du m\u00e9dia <b>MonEpargneClimat.fr<\/b>\u00a0(avec LBP AM) ;<\/li>\n<li>Un <a href=\"https:\/\/2030investirdemain.com\/wp-content\/uploads\/2025\/10\/2025-10-biodiversite-bonnes-pratiques.pdf.pdf\" target=\"_blank\" rel=\"noopener\"><b>guide pratique pour la biodiversit\u00e9<\/b><\/a>\u00a0(avec Candriam) ;<\/li>\n<li>Une <b>cartographie des meilleures pratiques pour la ville de demain<\/b>\u00a0(avec Edmond de Rothschild AM) ;<\/li>\n<li>Un <b>questionnaire in\u00e9dit sur la gouvernance ESG<\/b>\u00a0(avec Osapiens) ;<\/li>\n<\/ul>\n            <\/div>\n                      <\/div>\n        <\/div>\n      <\/div>\n    <\/div>\n  <\/div>\n    \n\n\n<p><\/p>\n\n\n  <div id=\"\" class=\"bloc textImage mb-0  imageGauche position-relative\">\n    <div class=\"container position-relative\">\n      <div class=\"row\">\n                  <div class=\"col-12 order-md-1 col-md-5\">\n          \n          <\/div>\n                <div class=\"col-12 order-md-2 col-md-7\">\n          <h2 class=\"apparition\">\n            D\u00e9couvrez notre Livre blanc &#8211; \u00e9dition 2024\/2025          <\/h2>\n        <\/div>\n        <div class=\"col-12 col-md-5 order-md-3\">\n          <div class=\"cadreImage\">\n            <img decoding=\"async\" src=\"https:\/\/2030investirdemain.com\/wp-content\/uploads\/2025\/10\/Agefi_Investir_demain-139-scaled.jpg\" class=\"w-100 myshadow apparition animDelay250 apparitionFromLeft\" \/>\n                      <\/div>\n        <\/div>\n        <div class=\"col-12 col-md-7 order-md-4 d-flex align-items-center \">\n          <div>\n            <div class=\"apparition mt-4 mt-md-0\">\n              <p><!-- wp:paragraph --><\/p>\n<p>Ce livre blanc restitue les <strong>principaux enseignements d\u2019une ann\u00e9e d\u2019\u00e9changes<\/strong> structur\u00e9s au sein des six groupes de travail th\u00e9matiques. \u00c0 travers ces groupes de travail cofond\u00e9s avec des acteurs de premier plan et r\u00e9unissant des expertises vari\u00e9es, nous avons pos\u00e9 les bases d\u2019un <strong>dialogue constructif et tourn\u00e9 vers l\u2019avenir<\/strong>, auquel chaque groupe apporte sa pierre \u00e0 un \u00e9difice commun, capable de guider les d\u00e9cisions des investisseurs vers un impact positif r\u00e9el et durable.<\/p>\n<p><!-- \/wp:paragraph --> <!-- wp:paragraph --><\/p>\n<p><a href=\"https:\/\/2030investirdemain.com\/wp-content\/uploads\/2025\/10\/livre-blanc_version-finale.pdf\" data-type=\"link\" data-id=\"https:\/\/2030investirdemain.com\/wp-content\/uploads\/2025\/10\/livre-blanc_version-finale.pdf\"><strong>T\u00e9l\u00e9chargez la synth\u00e8se d\u2019une ann\u00e9e de r\u00e9flexions, de d\u00e9bats et d\u2019\u00e9changes. <\/strong><\/a><\/p>\n<p><!-- \/wp:paragraph --> <!-- wp:paragraph --><\/p>\n<p>L\u2019ambition de ce document est de<strong> fournir des cl\u00e9s de compr\u00e9hension et d\u2019action pragmatiques <\/strong>aux professionnels de la finance et \u00e0 toutes celles et ceux d\u00e9cid\u00e9s \u00e0 faire de l\u2019investissement durable une r\u00e9alit\u00e9 tangible.<\/p>\n            <\/div>\n                      <\/div>\n        <\/div>\n      <\/div>\n    <\/div>\n  <\/div>\n    \n\n\n<p><\/p>\n\n\n  <div id=\"\" class=\"bloc textImage mb-0  imageDroite position-relative\">\n    <div class=\"container position-relative\">\n      <div class=\"row\">\n                <div class=\"col-12 order-md-2 \">\n          <h2 class=\"apparition\">\n            Saison 2 : cap sur de nouveaux enjeux          <\/h2>\n        <\/div>\n        <div class=\"col-12 col-md-5 order-md-4\">\n          <div class=\"cadreImage\">\n            <img decoding=\"async\" src=\"https:\/\/2030investirdemain.com\/wp-content\/uploads\/2025\/10\/Agefi_Investir_demain-48-1-scaled.jpg\" class=\"w-100 myshadow apparition animDelay250 apparitionFromRight\" \/>\n                      <\/div>\n        <\/div>\n        <div class=\"col-12 col-md-7 order-md-3 d-flex align-items-center \">\n          <div>\n            <div class=\"apparition mt-4 mt-md-0\">\n              <p><!-- wp:paragraph --><\/p>\n<p><!-- wp:paragraph --><\/p>\n<p>Fort du succ\u00e8s de cette premi\u00e8re \u00e9dition, <strong>la saison 2 <\/strong>du Think Tank \u00ab\u00a02030, Investir Demain\u00a0\u00bb est officiellement lanc\u00e9e !<\/p>\n<p><!-- \/wp:paragraph --> <!-- wp:paragraph --><\/p>\n<p>Cette nouvelle saison s\u2019articule autour de deux groupes de travail in\u00e9dits : \u00ab\u00a0<strong>Sant\u00e9 mentale\u00a0\u00bb<\/strong><strong> et \u00ab\u00a0<\/strong><strong>Souverainet\u00e9 et durabilit\u00e9\u00a0\u00bb<\/strong>.<\/p>\n<p><!-- \/wp:paragraph --> <!-- wp:paragraph --><\/p>\n<p>Autant de th\u00e8mes qui illustrent la volont\u00e9 du Think Tank de <strong>croiser innovation, impact et durabilit\u00e9<\/strong>, tout en restant au plus pr\u00e8s des grandes transitions \u00e9conomiques et sociales.<\/p>\n<p><!-- \/wp:paragraph -->Le prochain grand \u00e9v\u00e9nement de restitution aura lieu <strong>en juin prochain<\/strong>, pour partager les r\u00e9sultats, les signaux faibles identifi\u00e9s et les perspectives pour la finance de demain.<\/p>\n<p data-start=\"420\" data-end=\"860\"><!-- \/wp:paragraph --><\/p>\n            <\/div>\n                      <\/div>\n        <\/div>\n      <\/div>\n    <\/div>\n  <\/div>\n    \n\n\n<p><\/p>\n\n\n\n<p><strong>Une caisse de r\u00e9sonance forte<\/strong><\/p>\n\n\n\n<p>Gr\u00e2ce \u00e0 la mobilisation conjointe de <strong>L\u2019AGEFI<\/strong> et <strong>ID, l\u2019Info Durable<\/strong>, le Think Tank b\u00e9n\u00e9ficie d\u2019une <strong>visibilit\u00e9 unique<\/strong>, favorisant la <strong>diffusion des travaux<\/strong> aupr\u00e8s des <strong>experts, du grand public et des d\u00e9cideurs politiques<\/strong>, et contribuant ainsi \u00e0 <strong>acc\u00e9l\u00e9rer la transformation durable de la finance<\/strong>.<\/p>\n","protected":false},"excerpt":{"rendered":"<p>Une caisse de r\u00e9sonance forte Gr\u00e2ce \u00e0 la mobilisation conjointe de L\u2019AGEFI et ID, l\u2019Info Durable, le Think Tank b\u00e9n\u00e9ficie d\u2019une visibilit\u00e9 unique, favorisant la diffusion des travaux aupr\u00e8s des experts, du grand public et des d\u00e9cideurs politiques, et contribuant ainsi \u00e0 acc\u00e9l\u00e9rer la transformation durable de la finance.<\/p>\n","protected":false},"author":1,"featured_media":0,"parent":0,"menu_order":0,"comment_status":"closed","ping_status":"closed","template":"","meta":{"_acf_changed":false,"footnotes":""},"class_list":["post-93","page","type-page","status-publish","hentry"],"acf":[],"_links":{"self":[{"href":"https:\/\/2030investirdemain.com\/fr\/wp-json\/wp\/v2\/pages\/93","targetHints":{"allow":["GET"]}}],"collection":[{"href":"https:\/\/2030investirdemain.com\/fr\/wp-json\/wp\/v2\/pages"}],"about":[{"href":"https:\/\/2030investirdemain.com\/fr\/wp-json\/wp\/v2\/types\/page"}],"author":[{"embeddable":true,"href":"https:\/\/2030investirdemain.com\/fr\/wp-json\/wp\/v2\/users\/1"}],"replies":[{"embeddable":true,"href":"https:\/\/2030investirdemain.com\/fr\/wp-json\/wp\/v2\/comments?post=93"}],"version-history":[{"count":55,"href":"https:\/\/2030investirdemain.com\/fr\/wp-json\/wp\/v2\/pages\/93\/revisions"}],"predecessor-version":[{"id":1729,"href":"https:\/\/2030investirdemain.com\/fr\/wp-json\/wp\/v2\/pages\/93\/revisions\/1729"}],"wp:attachment":[{"href":"https:\/\/2030investirdemain.com\/fr\/wp-json\/wp\/v2\/media?parent=93"}],"curies":[{"name":"wp","href":"https:\/\/api.w.org\/{rel}","templated":true}]}}