{"id":50,"date":"2024-10-16T13:05:40","date_gmt":"2024-10-16T11:05:40","guid":{"rendered":"https:\/\/2030investirdemain.com\/?page_id=50"},"modified":"2024-11-27T17:43:33","modified_gmt":"2024-11-27T16:43:33","slug":"mentions-legales","status":"publish","type":"page","link":"https:\/\/2030investirdemain.com\/fr\/mentions-legales\/","title":{"rendered":"CGU &amp; Mentions l\u00e9gales"},"content":{"rendered":"\n<p><\/p>\n\n\n\n<p>Les pr\u00e9sentes Conditions G\u00e9n\u00e9rales d&rsquo;Utilisation, sont r\u00e9put\u00e9es accept\u00e9es \u00e0 titre irr\u00e9vocable, entier et sans r\u00e9serve, \u00e0 partir du moment o\u00f9 l&rsquo;Utilisateur consulte le site 2030investirdemain.com et\/ou s\u2019abonne \u00e0 la lettre d\u2019information.<\/p>\n\n\n\n<p><strong>PREAMBULE<\/strong><\/p>\n\n\n\n<p>Le think tank \u00ab&nbsp;2030, Investir Demain&nbsp;\u00bb est un collectif d\u2019entreprise qui n\u2019a pas de personnalit\u00e9 juridique.<\/p>\n\n\n\n<p><strong>Directeurs de la publication :&nbsp;<\/strong>Val\u00e8re Corr\u00e9ard et Fran\u00e7ois Robin<\/p>\n\n\n\n<p><strong>H\u00e9bergeur :<\/strong><br>Ionos<\/p>\n\n\n\n<p>7 PLACE DE LA GARE 57200 SARREGUEMINES<\/p>\n\n\n\n<p><strong>CONFIDENTIALITE<\/strong><\/p>\n\n\n\n<p>\u00ab&nbsp;2030, Investir Demain&nbsp;\u00bb &nbsp;entend assurer dans les meilleures conditions la qualit\u00e9 de son service et la confidentialit\u00e9 des informations qui sont conserv\u00e9es par ses soins.<\/p>\n\n\n\n<p>Pour ce faire, \u00ab&nbsp;2030, Investir Demain&nbsp;\u00bb &nbsp;a pris toutes mesures en usage dans la profession et conformes aux r\u00e8gles de l&rsquo;art pour pr\u00e9server cette confidentialit\u00e9 et notamment pour prot\u00e9ger l&rsquo;acc\u00e8s de ses services.<\/p>\n\n\n\n<p>Elle poursuit constamment son effort vers une s\u00e9curit\u00e9 accrue.<\/p>\n\n\n\n<p><strong>PROPRIETE INTELLECTUELLE<\/strong><\/p>\n\n\n\n<p>Tout ou partie du site \u00ab&nbsp;2030, Investir Demain&nbsp;\u00bb&nbsp; est prot\u00e9g\u00e9 par les dispositions du Code de la Propri\u00e9t\u00e9 Intellectuelle.<\/p>\n\n\n\n<p>L&rsquo;exploitation non pr\u00e9alablement autoris\u00e9e par \u00ab&nbsp;2030, Investir Demain&nbsp;\u00bb, \u00e0 quelque titre que ce soit, de tout ou partie de son site, logo, ou autres signes distinctifs est interdite et pourra faire l&rsquo;objet de toute action appropri\u00e9e, notamment d&rsquo;une action en contrefa\u00e7on.<\/p>\n\n\n\n<p>L&rsquo;insertion de liens hypertextes vers une partie substantielle du site \u00ab&nbsp;2030, Investir Demain&nbsp;\u00bb &nbsp;est interdite sans autorisation pr\u00e9alable et \u00e9crite de \u00ab&nbsp;2030, Investir Demain&nbsp;\u00bb.<\/p>\n\n\n\n<p>Seul est autoris\u00e9 l&rsquo;usage d&rsquo;une partie non substantielle du site \u00ab&nbsp;2030, Investir Demain&nbsp;\u00bb. \u00e0 des fins strictement priv\u00e9es, non collectives et non commerciales.<\/p>\n\n\n\n<p><strong>RESPONSABILITE<\/strong><\/p>\n\n\n\n<p>La responsabilit\u00e9 de \u00ab&nbsp;2030, Investir Demain&nbsp;\u00bb &nbsp;ne pourra en aucun cas \u00eatre engag\u00e9e en cas d&rsquo;informations fausses ou erron\u00e9es diffus\u00e9es, \u00e0 son insu (sources erron\u00e9es notamment).<\/p>\n\n\n\n<p>Ce site comporte des informations mises \u00e0 disposition par des soci\u00e9t\u00e9s externes ou des liens hypertextes vers d&rsquo;autres sites qui n&rsquo;ont pas \u00e9t\u00e9 d\u00e9velopp\u00e9s par \u00ab&nbsp;2030, Investir Demain&nbsp;\u00bb. Le contenu mis \u00e0 disposition sur le site est fourni \u00e0 titre informatif. L&rsquo;existence d&rsquo;un lien de ce site vers un autre site ne constitue pas une validation de ce site ou de son contenu. La responsabilit\u00e9 de \u00ab&nbsp;2030, Investir Demain&nbsp;\u00bb &nbsp;ne saurait \u00eatre engag\u00e9e du fait aux informations, opinions et recommandations formul\u00e9es par des tiers.<\/p>\n\n\n\n<p>\u00ab&nbsp;2030, Investir Demain&nbsp;\u00bb &nbsp;n&rsquo;est pas responsable de l&rsquo;utilisation, qui pourra \u00eatre faite par l&rsquo;internaute des informations qu&rsquo;il pourra trouver sur le site.<\/p>\n\n\n\n<p>\u00ab&nbsp;2030, Investir Demain&nbsp;\u00bb &nbsp;ne peut en aucun cas \u00eatre tenu pour responsable du dysfonctionnement du site d\u00fb \u00e0 des probl\u00e8mes \u00e9chappant \u00e0 son contr\u00f4le direct (temps de chargement, acc\u00e8s au site perturb\u00e9, probl\u00e8me de fourniture d&rsquo;acc\u00e8s Internet&#8230;).<\/p>\n\n\n\n<p><strong>INFORMATIQUE ET LIBERTE<\/strong><\/p>\n\n\n\n<p>Le site de \u00ab&nbsp;2030, Investir Demain&nbsp;\u00bb a \u00e9t\u00e9 r\u00e9guli\u00e8rement d\u00e9clar\u00e9 aupr\u00e8s de la CNIL.<\/p>\n\n\n\n<p>Les seules informations nominatives recueillies par le site&nbsp;<a href=\"https:\/\/2030investirdemain.com\/\">https:\/\/2030investirdemain.com\/<\/a> sont les mails que communiquent volontairement les internautes d\u00e9sireux de recevoir la lettre d&rsquo;information \u00e9lectronique \u00e0 titre gratuit.<\/p>\n\n\n\n<p>La liste de ces mails est \u00e0 usage exclusif de <a href=\"https:\/\/2030investirdemain.com\/\">https:\/\/2030investirdemain.com\/<\/a> &nbsp;et n&rsquo;est jamais communiqu\u00e9e \u00e0 qui que ce soit pour quelque usage que ce soit.<\/p>\n\n\n\n<ul class=\"wp-block-list\">\n<li>COOKIES<\/li>\n<\/ul>\n\n\n\n<p>Lors de la consultation de notre site, des informations relatives \u00e0 la navigation de votre terminal (ordinateur, tablette, smartphone, etc.) sur notre site, sont susceptibles d&rsquo;\u00eatre enregistr\u00e9es dans des fichiers \u00ab\u00a0Cookies\u00a0\u00bb install\u00e9s sur votre terminal, sous r\u00e9serve des choix que vous auriez exprim\u00e9s concernant les Cookies et que vous pouvez modifier \u00e0 tout moment. Seul l\u2019\u00e9metteur d&rsquo;un cookie est susceptible de lire ou de modifier des informations qui y sont contenues.<\/p>\n\n\n\n<ul class=\"wp-block-list\">\n<li>COOKIES EMIS SUR NOTRE SITE<\/li>\n<\/ul>\n\n\n\n<p>Lorsque vous vous connectez \u00e0 notre site, nous pouvons \u00eatre amen\u00e9s, sous r\u00e9serve de vos choix, \u00e0 installer divers cookies dans votre terminal Nous permettant de reconna\u00eetre le navigateur de votre terminal pendant la dur\u00e9e de validit\u00e9 du cookie concern\u00e9. Les Cookies que nous \u00e9mettons sont utilis\u00e9s aux fins d\u00e9crites ci-dessous, sous r\u00e9serve de vos choix, qui r\u00e9sultent des param\u00e8tres de votre logiciel de navigation utilis\u00e9 lors de votre visite de notre site.<\/p>\n\n\n\n<ul class=\"wp-block-list\">\n<li>LES COOKIES QUE NOUS EMETTONS SONT UTILISES AUX FINS\u00a0<\/li>\n<\/ul>\n\n\n\n<p>&#8211; d&rsquo;\u00e9tablir des statistiques et volumes de fr\u00e9quentation et d&rsquo;utilisation des divers \u00e9l\u00e9ments composant notre site (rubriques et contenus visit\u00e9s, parcours), nous permettant d&rsquo;am\u00e9liorer l&rsquo;int\u00e9r\u00eat et l&rsquo;ergonomie de nos services ;<\/p>\n\n\n\n<p>&#8211; d&rsquo;adapter la pr\u00e9sentation de notre site aux pr\u00e9f\u00e9rences d&rsquo;affichage de votre terminal (langue utilis\u00e9e, r\u00e9solution d&rsquo;affichage, syst\u00e8me d&rsquo;exploitation utilis\u00e9, etc.) lors de vos visites sur notre Site, selon les mat\u00e9riels et les logiciels de visualisation ou de lecture que votre terminal comporte ;<\/p>\n\n\n\n<p>&#8211; de m\u00e9moriser des informations relatives \u00e0 un formulaire que vous avez rempli sur notre site (inscription ou acc\u00e8s \u00e0 votre compte) ou \u00e0 des produits, services ou informations que vous avez choisis sur notre site] (service souscrit, contenu d&rsquo;un panier de commande, etc.) ;<\/p>\n\n\n\n<p>&#8211; de vous permettre d&rsquo;acc\u00e9der \u00e0 des espaces r\u00e9serv\u00e9s et personnels de notre site, tels que votre compte, gr\u00e2ce \u00e0 des identifiants ou des donn\u00e9es que vous nous avez \u00e9ventuellement ant\u00e9rieurement confi\u00e9s ;<\/p>\n\n\n\n<p>&#8211; de mettre en \u0153uvre des mesures de s\u00e9curit\u00e9, par exemple lorsqu\u2019il vous est demand\u00e9 de vous connecter \u00e0 nouveau \u00e0 un contenu ou \u00e0 un service apr\u00e8s un certain laps de temps.<\/p>\n\n\n\n<ul class=\"wp-block-list\">\n<li>VOS CHOIX CONCERNANT LES COOKIES<\/li>\n<\/ul>\n\n\n\n<p>Plusieurs possibilit\u00e9s vous sont offertes pour g\u00e9rer les cookies. Tout param\u00e9trage que vous pouvez entreprendre sera susceptible de modifier votre navigation sur Internet et vos conditions d&rsquo;acc\u00e8s \u00e0 certains services n\u00e9cessitant l&rsquo;utilisation de Cookies. Vous pouvez faire le choix \u00e0 tout moment d&rsquo;exprimer et de modifier vos souhaits en mati\u00e8re de cookies.<\/p>\n\n\n\n<ul class=\"wp-block-list\">\n<li>LES CHOIX QUI VOUS SONT OFFERTS PAR VOTRE LOGICIEL DE NAVIGATION<\/li>\n<\/ul>\n\n\n\n<p>Vous pouvez configurer votre logiciel de navigation de mani\u00e8re \u00e0 ce que des cookies soient enregistr\u00e9s dans votre terminal ou, au contraire, qu&rsquo;ils soient rejet\u00e9s, soit syst\u00e9matiquement, soit selon leur \u00e9metteur. Vous pouvez \u00e9galement configurer votre logiciel de navigation de mani\u00e8re \u00e0 ce que l&rsquo;acceptation ou le refus des cookies vous soient propos\u00e9s ponctuellement, avant qu&rsquo;un cookie soit susceptible d&rsquo;\u00eatre enregistr\u00e9 dans votre terminal.<\/p>\n\n\n\n<p>Pour plus d&rsquo;informations, consultez la rubrique \u00ab\u00a0Comment exercer vos choix, selon le navigateur que vous utilisez ?\u00a0\u00bb<\/p>\n\n\n\n<ul class=\"wp-block-list\">\n<li>L&rsquo;ACCORD SUR\u00a0LES COOKIES<\/li>\n<\/ul>\n\n\n\n<p>L\u2019enregistrement d\u2019un cookie dans un terminal est essentiellement subordonn\u00e9 \u00e0 la volont\u00e9 de l\u2019utilisateur du Terminal, que celui-ci peut exprimer et modifier \u00e0 tout moment et gratuitement \u00e0 travers les choix qui lui sont offerts par son logiciel de navigation.<\/p>\n\n\n\n<p>Si vous avez accept\u00e9 dans votre logiciel de navigation l\u2019enregistrement de cookies dans votre Terminal, les cookies int\u00e9gr\u00e9s dans les pages et contenus que vous avez consult\u00e9s pourront \u00eatre stock\u00e9s temporairement dans un espace d\u00e9di\u00e9 de votre Terminal. Ils y seront lisibles uniquement par leur \u00e9metteur.<\/p>\n\n\n\n<ul class=\"wp-block-list\">\n<li>LE REFUS DES COOKIES<\/li>\n<\/ul>\n\n\n\n<p>Si vous refusez l&rsquo;enregistrement de cookies dans votre terminal, ou si vous supprimez ceux qui y sont enregistr\u00e9s, vous ne pourrez plus b\u00e9n\u00e9ficier d&rsquo;un certain nombre de fonctionnalit\u00e9s qui sont n\u00e9anmoins n\u00e9cessaires pour naviguer dans certains espaces de notre site. Tel serait le cas si vous tentiez d&rsquo;acc\u00e9der \u00e0 nos contenus ou services qui n\u00e9cessitent de vous identifier. Tel serait \u00e9galement le cas lorsque nous -ou nos prestataires- ne pourrions pas reconna\u00eetre, \u00e0 des fins de compatibilit\u00e9 technique, le type de navigateur utilis\u00e9 par votre terminal, ses param\u00e8tres de langue et d&rsquo;affichage ou le pays depuis lequel votre terminal semble connect\u00e9 \u00e0 Internet.<\/p>\n\n\n\n<p>Le cas \u00e9ch\u00e9ant, nous d\u00e9clinons toute responsabilit\u00e9 pour les cons\u00e9quences li\u00e9es au fonctionnement d\u00e9grad\u00e9 de nos services r\u00e9sultant de l&rsquo;impossibilit\u00e9 pour Nous d&rsquo;enregistrer ou de consulter les cookies n\u00e9cessaires \u00e0 leur fonctionnement et que vous auriez refus\u00e9s ou supprim\u00e9s.<\/p>\n\n\n\n<ul class=\"wp-block-list\">\n<li>COMMENT EXERCER VOS CHOIX, SELON LE NAVIGATEUR QUE VOUS UTILISEZ ?<\/li>\n<\/ul>\n\n\n\n<p>Pour la gestion des cookies et de vos choix, la configuration de chaque navigateur est diff\u00e9rente. Elle est d\u00e9crite dans le menu d&rsquo;aide de votre navigateur, qui vous permettra de savoir de quelle mani\u00e8re modifier vos souhaits en mati\u00e8re de cookies.<\/p>\n\n\n\n<p><strong>SERVICE&nbsp;UTILISATEURS<\/strong><\/p>\n\n\n\n<p>Les Utilisateurs peuvent adresser toutes leurs demandes d&rsquo;informations, de pr\u00e9cisions et leurs r\u00e9clamations \u00e9ventuelles en contactant \u00ab&nbsp;2030, Investir Demain&nbsp;\u00bb.<\/p>\n\n\n\n<p>Ces demandes seront trait\u00e9es par \u00ab&nbsp;2030, Investir Demain&nbsp;\u00bb. si elles se rapportent aux services fournis par \u00ab&nbsp;2030, Investir Demain&nbsp;\u00bb.dans le cadre des pr\u00e9sentes Conditions G\u00e9n\u00e9rales d&rsquo;Utilisation.<\/p>\n","protected":false},"excerpt":{"rendered":"<p>Les pr\u00e9sentes Conditions G\u00e9n\u00e9rales d&rsquo;Utilisation, sont r\u00e9put\u00e9es accept\u00e9es \u00e0 titre irr\u00e9vocable, entier et sans r\u00e9serve, \u00e0 partir du moment o\u00f9 l&rsquo;Utilisateur consulte le site 2030investirdemain.com et\/ou s\u2019abonne \u00e0 la lettre d\u2019information. PREAMBULE Le think tank \u00ab&nbsp;2030, Investir Demain&nbsp;\u00bb est un collectif d\u2019entreprise qui n\u2019a pas de personnalit\u00e9 juridique. Directeurs de la publication :&nbsp;Val\u00e8re Corr\u00e9ard et [&hellip;]<\/p>\n","protected":false},"author":1,"featured_media":0,"parent":0,"menu_order":0,"comment_status":"closed","ping_status":"closed","template":"","meta":{"_acf_changed":false,"footnotes":""},"class_list":["post-50","page","type-page","status-publish","hentry"],"acf":[],"_links":{"self":[{"href":"https:\/\/2030investirdemain.com\/fr\/wp-json\/wp\/v2\/pages\/50","targetHints":{"allow":["GET"]}}],"collection":[{"href":"https:\/\/2030investirdemain.com\/fr\/wp-json\/wp\/v2\/pages"}],"about":[{"href":"https:\/\/2030investirdemain.com\/fr\/wp-json\/wp\/v2\/types\/page"}],"author":[{"embeddable":true,"href":"https:\/\/2030investirdemain.com\/fr\/wp-json\/wp\/v2\/users\/1"}],"replies":[{"embeddable":true,"href":"https:\/\/2030investirdemain.com\/fr\/wp-json\/wp\/v2\/comments?post=50"}],"version-history":[{"count":2,"href":"https:\/\/2030investirdemain.com\/fr\/wp-json\/wp\/v2\/pages\/50\/revisions"}],"predecessor-version":[{"id":611,"href":"https:\/\/2030investirdemain.com\/fr\/wp-json\/wp\/v2\/pages\/50\/revisions\/611"}],"wp:attachment":[{"href":"https:\/\/2030investirdemain.com\/fr\/wp-json\/wp\/v2\/media?parent=50"}],"curies":[{"name":"wp","href":"https:\/\/api.w.org\/{rel}","templated":true}]}}