{"id":1551,"date":"2025-10-23T14:59:37","date_gmt":"2025-10-23T12:59:37","guid":{"rendered":"https:\/\/2030investirdemain.com\/decouvrez-notre-livre-blanc-edition-2024-2025\/"},"modified":"2025-10-23T15:12:01","modified_gmt":"2025-10-23T13:12:01","slug":"decouvrez-notre-livre-blanc-edition-2024-2025","status":"publish","type":"page","link":"https:\/\/2030investirdemain.com\/fr\/decouvrez-notre-livre-blanc-edition-2024-2025\/","title":{"rendered":"Livre Blanc &#8211; \u00ab\u00a0\u00e9dition 2024\/2025\u00a0\u00bb"},"content":{"rendered":"  <div id=\"\" class=\"bloc textImage mb-0  imageGauche position-relative\">\n    <div class=\"container position-relative\">\n      <div class=\"row\">\n                  <div class=\"col-12 order-md-1 col-md-5\">\n          \n          <\/div>\n                <div class=\"col-12 order-md-2 col-md-7\">\n          <h2 class=\"apparition\">\n            Pr\u00e9sentation          <\/h2>\n        <\/div>\n        <div class=\"col-12 col-md-5 order-md-3\">\n          <div class=\"cadreImage\">\n            <img decoding=\"async\" src=\"https:\/\/2030investirdemain.com\/wp-content\/uploads\/2025\/10\/Agefi_Investir_demain-139-scaled.jpg\" class=\"w-100 myshadow apparition animDelay250 apparitionFromLeft\" \/>\n                      <\/div>\n        <\/div>\n        <div class=\"col-12 col-md-7 order-md-4 d-flex align-items-center \">\n          <div>\n            <div class=\"apparition mt-4 mt-md-0\">\n              <p>Lanc\u00e9 \u00e0 la rentr\u00e9e 2024 par L&rsquo;AGEFI et ID, l\u2019Info Durable, le Think Tank \u00ab 2030, Investir Demain \u00bb est n\u00e9 d\u2019une conviction partag\u00e9e : face \u00e0 l\u2019ampleur des transformations environnementales et sociales en cours, il est urgent de cr\u00e9er un <strong>espace commun de r\u00e9flexion et d\u2019action<\/strong> pour soutenir et acc\u00e9l\u00e9rer la transition vers un syst\u00e8me financier plus durable.<\/p>\n<p>En r\u00e9unissant investisseurs, entreprises, chercheurs ou encore acteurs publics, cette initiative vise \u00e0 f\u00e9d\u00e9rer les parties prenantes, \u00e0 partager les meilleures pratiques et \u00e0 faire \u00e9merger des solutions concr\u00e8tes, ambitieuses et r\u00e9plicables.<\/p>\n<p>Ce livre blanc <strong>restitue les principaux enseignements d\u2019une ann\u00e9e d\u2019\u00e9changes structur\u00e9s<\/strong> au sein de six groupes de travail th\u00e9matiques.<\/p>\n            <\/div>\n                          <div class=\"btnContainer apparition\">\n                <a class=\"aAvecFleche\" href=\"https:\/\/2030investirdemain.com\/wp-content\/uploads\/2025\/10\/livre-blanc_version-finale.pdf\" target=\"_blank\"><span class=\"content\">T\u00e9l\u00e9charger le livre blanc<\/span><\/a>\n              <\/div>\n                      <\/div>\n        <\/div>\n      <\/div>\n    <\/div>\n  <\/div>\n    \n\n  <div id=\"\" class=\"bloc textImage   imageDroite position-relative\">\n    <div class=\"container position-relative\">\n      <div class=\"row\">\n                <div class=\"col-12 order-md-2 \">\n          <h2 class=\"apparition\">\n            Le mot des fondateurs          <\/h2>\n        <\/div>\n        <div class=\"col-12 col-md-5 order-md-4\">\n          <div class=\"cadreImage\">\n            <img decoding=\"async\" src=\"https:\/\/2030investirdemain.com\/wp-content\/uploads\/2025\/10\/Format-BO-photo-2.png\" class=\"w-100 myshadow apparition animDelay250 apparitionFromRight\" \/>\n                      <\/div>\n        <\/div>\n        <div class=\"col-12 col-md-7 order-md-3 d-flex align-items-center \">\n          <div>\n            <div class=\"apparition mt-4 mt-md-0\">\n              <p>\u00ab L\u2019urgence climatique, les enjeux sociaux et la n\u00e9cessaire pr\u00e9servation de la biodiversit\u00e9 ne sont plus des th\u00e9matiques secondaires pour la finance : elles en constituent d\u00e9sormais le <strong>socle incontournable<\/strong>. C\u2019est avec cette conviction profonde que les m\u00e9dias l\u2019AGEFI et ID, l\u2019Info Durable ont lanc\u00e9 le Think Tank \u00ab 2030, Investir Demain \u00bb.<\/p>\n<p><strong>Notre objectif est clair :<\/strong> r\u00e9unir investisseurs, acteurs \u00e9conomiques, d\u00e9cideurs politiques et soci\u00e9t\u00e9 civile autour d\u2019une m\u00eame ambition : <strong>faire \u00e9merger des solutions concr\u00e8tes, innovantes et applicables \u00e0 grande \u00e9chelle.<\/strong> Face aux d\u00e9fis complexes qui se posent \u00e0 nous, seule une r\u00e9flexion collective, sinc\u00e8re et audacieuse peut nous permettre d\u2019agir efficacement.<\/p>\n            <\/div>\n                      <\/div>\n        <\/div>\n      <\/div>\n    <\/div>\n  <\/div>\n    \n\n  <div id=\"\" class=\"bloc textImage   imageGauche position-relative\">\n    <div class=\"container position-relative\">\n      <div class=\"row\">\n                  <div class=\"col-12 order-md-1 col-md-5\">\n          \n          <\/div>\n                <div class=\"col-12 order-md-2 col-md-7\">\n          <h2 class=\"apparition\">\n                      <\/h2>\n        <\/div>\n        <div class=\"col-12 col-md-5 order-md-3\">\n          <div class=\"cadreImage\">\n            <img decoding=\"async\" src=\"https:\/\/2030investirdemain.com\/wp-content\/uploads\/2025\/10\/Agefi_Investir_demain-47-1-scaled.jpg\" class=\"w-100 myshadow apparition animDelay250 apparitionFromLeft\" \/>\n                      <\/div>\n        <\/div>\n        <div class=\"col-12 col-md-7 order-md-4 d-flex align-items-center \">\n          <div>\n            <div class=\"apparition mt-4 mt-md-0\">\n              <p><!-- wp:paragraph --><\/p>\n<p>\u00c0 travers six groupes de travail cofond\u00e9s avec des acteurs de premier plan et r\u00e9unissant des expertises vari\u00e9es, nous avons pos\u00e9 les bases d\u2019un dialogue constructif et tourn\u00e9 vers l\u2019avenir. <strong>Biodiversit\u00e9, Climat, R\u00e8glementation, Ressources essentielles, Relocalisation ou encore Urbanisation<\/strong> : chaque groupe apporte sa pierre \u00e0 un \u00e9difice commun, capable de guider les d\u00e9cisions des investisseurs vers un impact positif r\u00e9el et durable.<\/p>\n<p><!-- \/wp:paragraph --> <!-- wp:paragraph --><\/p>\n<p>Vous tenez entre vos mains la <strong>synth\u00e8se d\u2019une ann\u00e9e de r\u00e9flexions, de d\u00e9bats et d\u2019\u00e9changes.<\/strong> L\u2019ambition de ce document est de <strong>fournir des cl\u00e9s de compr\u00e9hension et d\u2019action pragmatiques<\/strong> aux professionnels de la finance et \u00e0 toutes celles et ceux d\u00e9cid\u00e9s \u00e0 faire de l\u2019investissement durable une r\u00e9alit\u00e9 tangible.<\/p>\n<p><!-- \/wp:paragraph --><\/p>\n            <\/div>\n                      <\/div>\n        <\/div>\n      <\/div>\n    <\/div>\n  <\/div>\n    \n\n\n<p>La finance durable n\u2019est plus une option, elle est une n\u00e9cessit\u00e9. <strong>Ensemble, investissons d\u00e8s maintenant pour demain.<\/strong>\u00bb<\/p>\n\n\n\n<p><em>Val\u00e8re Corr\u00e9ard, <\/em><em>Directeur d\u00e9l\u00e9gu\u00e9 aux R\u00e9dactions d\u2019ID, l\u2019Info Durable &amp;&nbsp;<\/em><em>Fran\u00e7ois Robin, <\/em><em>Directeur g\u00e9n\u00e9ral d\u00e9l\u00e9gu\u00e9 de l\u2019AGEFI.<\/em><\/p>\n\n\n\n<p><\/p>\n","protected":false},"excerpt":{"rendered":"<p>La finance durable n\u2019est plus une option, elle est une n\u00e9cessit\u00e9. Ensemble, investissons d\u00e8s maintenant pour demain.\u00bb Val\u00e8re Corr\u00e9ard, Directeur d\u00e9l\u00e9gu\u00e9 aux R\u00e9dactions d\u2019ID, l\u2019Info Durable &amp;&nbsp;Fran\u00e7ois Robin, Directeur g\u00e9n\u00e9ral d\u00e9l\u00e9gu\u00e9 de l\u2019AGEFI.<\/p>\n","protected":false},"author":1,"featured_media":1495,"parent":0,"menu_order":0,"comment_status":"closed","ping_status":"closed","template":"","meta":{"_acf_changed":false,"footnotes":""},"class_list":["post-1551","page","type-page","status-publish","has-post-thumbnail","hentry"],"acf":[],"_links":{"self":[{"href":"https:\/\/2030investirdemain.com\/fr\/wp-json\/wp\/v2\/pages\/1551","targetHints":{"allow":["GET"]}}],"collection":[{"href":"https:\/\/2030investirdemain.com\/fr\/wp-json\/wp\/v2\/pages"}],"about":[{"href":"https:\/\/2030investirdemain.com\/fr\/wp-json\/wp\/v2\/types\/page"}],"author":[{"embeddable":true,"href":"https:\/\/2030investirdemain.com\/fr\/wp-json\/wp\/v2\/users\/1"}],"replies":[{"embeddable":true,"href":"https:\/\/2030investirdemain.com\/fr\/wp-json\/wp\/v2\/comments?post=1551"}],"version-history":[{"count":1,"href":"https:\/\/2030investirdemain.com\/fr\/wp-json\/wp\/v2\/pages\/1551\/revisions"}],"predecessor-version":[{"id":1552,"href":"https:\/\/2030investirdemain.com\/fr\/wp-json\/wp\/v2\/pages\/1551\/revisions\/1552"}],"wp:featuredmedia":[{"embeddable":true,"href":"https:\/\/2030investirdemain.com\/fr\/wp-json\/wp\/v2\/media\/1495"}],"wp:attachment":[{"href":"https:\/\/2030investirdemain.com\/fr\/wp-json\/wp\/v2\/media?parent=1551"}],"curies":[{"name":"wp","href":"https:\/\/api.w.org\/{rel}","templated":true}]}}